{"id":1228,"date":"2023-04-05T11:05:37","date_gmt":"2023-04-05T09:05:37","guid":{"rendered":"https:\/\/collegedemanagementsorbonne.fr\/?page_id=1228"},"modified":"2025-08-03T11:27:56","modified_gmt":"2025-08-03T09:27:56","slug":"mentions-legales","status":"publish","type":"page","link":"https:\/\/collegedemanagementsorbonne.fr\/?page_id=1228","title":{"rendered":"Mentions l\u00e9gales"},"content":{"rendered":"<p>[et_pb_section fb_built=\u00a0\u00bb1&Prime; _builder_version=\u00a0\u00bb4.20.2&Prime; _module_preset=\u00a0\u00bbdefault\u00a0\u00bb global_colors_info=\u00a0\u00bb{}\u00a0\u00bb][et_pb_row _builder_version=\u00a0\u00bb4.20.2&Prime; _module_preset=\u00a0\u00bbdefault\u00a0\u00bb global_colors_info=\u00a0\u00bb{}\u00a0\u00bb][et_pb_column type=\u00a0\u00bb4_4&Prime; _builder_version=\u00a0\u00bb4.20.2&Prime; _module_preset=\u00a0\u00bbdefault\u00a0\u00bb global_colors_info=\u00a0\u00bb{}\u00a0\u00bb][et_pb_text _builder_version=\u00a0\u00bb4.20.2&Prime; _module_preset=\u00a0\u00bbdefault\u00a0\u00bb global_colors_info=\u00a0\u00bb{}\u00a0\u00bb]<\/p>\n<h1><b>Mentions l\u00e9gales<\/b><\/h1>\n<p><span style=\"font-weight: 400;\">En vigueur au 03\/08\/2023<\/span><\/p>\n<p><span style=\"font-weight: 400;\">\u00a0<\/span><\/p>\n<p><span style=\"font-weight: 400;\">Conform\u00e9ment aux dispositions des Articles 6-III et 19 de la Loi n\u00b02004-575 du 21 juin 2004 pour la Confiance dans l\u2019\u00e9conomie num\u00e9rique, dite L.C.E.N., il est port\u00e9 \u00e0 la connaissance des utilisateurs et visiteurs, ci-apr\u00e8s l\u00a0\u00bb\u00a0\u00bb<\/span><b>Utilisateur<\/b><span style=\"font-weight: 400;\">\u00ab\u00a0, du site https:\/\/collegedemanagementsorbonne.fr\/ , ci-apr\u00e8s le \u00ab\u00a0<\/span><b>Site<\/b><span style=\"font-weight: 400;\">\u00ab\u00a0, les pr\u00e9sentes mentions l\u00e9gales.<\/span><\/p>\n<p>&nbsp;<\/p>\n<p><span style=\"font-weight: 400;\">La connexion et la navigation sur le Site par l\u2019Utilisateur implique acceptation int\u00e9grale et sans r\u00e9serve des pr\u00e9sentes mentions l\u00e9gales.<\/span><\/p>\n<p>&nbsp;<\/p>\n<p><span style=\"font-weight: 400;\">Ces derni\u00e8res sont accessibles sur le Site \u00e0 la rubrique \u00ab <\/span><b>Mentions l\u00e9gales<\/b><span style=\"font-weight: 400;\"> \u00bb.<\/span><\/p>\n<p>&nbsp;<\/p>\n<h2><b>ARTICLE 1 &#8211; L\u2019\u00c9DITEUR<\/b><\/h2>\n<p>&nbsp;<\/p>\n<p><span style=\"font-weight: 400;\">L&rsquo;\u00e9dition du Site est assur\u00e9e par ASSOCIATION DU COLL\u00c8GE DE MANAGEMENT DE L\u2019UNIVERSIT\u00c9 PARIS 1 PANTHEON-SORBONNE Association d\u00e9clar\u00e9e au capital de 0 euros, immatricul\u00e9e au Registre du Commerce et des Soci\u00e9t\u00e9s de PARIS 5 sous le num\u00e9ro 919007872 dont le si\u00e8ge social est situ\u00e9 au 4 Rue des Ar\u00e8nes, 75005 Paris,\u00a0<\/span><\/p>\n<p><span style=\"font-weight: 400;\">Adresse e-mail : acmsorbonne@gmail.com.<\/span><\/p>\n<p><span style=\"font-weight: 400;\">Le Directeur de la publication est Stella, <\/span><span style=\"font-weight: 400;\">ci-apr\u00e8s l'\u00a0\u00bb<\/span><b>\u00c9diteur<\/b><span style=\"font-weight: 400;\">\u00ab\u00a0.<\/span><\/p>\n<p>&nbsp;<\/p>\n<h2><b>ARTICLE 2 &#8211; L\u2019H\u00c9BERGEUR<\/b><\/h2>\n<p>&nbsp;<\/p>\n<p><span style=\"font-weight: 400;\">L&rsquo;h\u00e9bergeur du Site est la soci\u00e9t\u00e9 HOSTINGER INTERNATIONAL LTD, dont le si\u00e8ge social est situ\u00e9 au 61 Lordou Vironos Street, 6023 Larnaca, Chypre, joignable par le moyen suivant :<\/span><a href=\"https:\/\/www.hostinger.fr\/contact\"><span style=\"font-weight: 400;\">https:\/\/www.hostinger.fr\/contact<\/span><\/a><span style=\"font-weight: 400;\">.<\/span><\/p>\n<p>&nbsp;<\/p>\n<h2><b>ARTICLE 3 &#8211; ACC\u00c8S AU SITE<\/b><\/h2>\n<p>&nbsp;<\/p>\n<p><span style=\"font-weight: 400;\">Le Site est accessible en tout endroit, 7j\/7, 24h\/24 sauf cas de force majeure, interruption programm\u00e9e ou non et pouvant d\u00e9coulant d\u2019une n\u00e9cessit\u00e9 de maintenance.<\/span><\/p>\n<p><span style=\"font-weight: 400;\">En cas de modification, interruption ou suspension du Site, l\u2019\u00c9diteur ne saurait \u00eatre tenu responsable.<\/span><\/p>\n<p>&nbsp;<\/p>\n<h2><b>ARTICLE 4 &#8211; COLLECTE DES DONN\u00c9ES<\/b><\/h2>\n<p>&nbsp;<\/p>\n<p><span style=\"font-weight: 400;\">Le Site assure \u00e0 l&rsquo;Utilisateur une collecte et un traitement d&rsquo;informations personnelles dans le respect de la vie priv\u00e9e conform\u00e9ment \u00e0 la loi n\u00b078-17 du 6 janvier 1978 relative \u00e0 l&rsquo;informatique, aux fichiers et aux libert\u00e9s.\u00a0<\/span><\/p>\n<p><span style=\"font-weight: 400;\">En vertu de la loi Informatique et Libert\u00e9s, en date du 6 janvier 1978, l&rsquo;Utilisateur dispose d&rsquo;un droit d&rsquo;acc\u00e8s, de rectification, de suppression et d&rsquo;opposition de ses donn\u00e9es personnelles. L&rsquo;Utilisateur exerce ce droit :<\/span><\/p>\n<ul>\n<li><span style=\"font-weight: 400;\"> \u00a0 \u00a0 \u00a0 \u00a0 par mail \u00e0 l&rsquo;adresse e-mail acmsorbonne@gmail.com<\/span><\/li>\n<\/ul>\n<p><span style=\"font-weight: 400;\">\u00a0<\/span><\/p>\n<p><span style=\"font-weight: 400;\">Toute utilisation, reproduction, diffusion, commercialisation, modification de toute ou partie du Site, sans autorisation de l\u2019\u00c9diteur est prohib\u00e9e et pourra entra\u00een\u00e9e des actions et poursuites judiciaires telles que notamment pr\u00e9vues par le Code de la propri\u00e9t\u00e9 intellectuelle et le Code civil.<\/span><\/p>\n<p>&nbsp;<\/p>\n<p>[\/et_pb_text][\/et_pb_column][\/et_pb_row][\/et_pb_section]<\/p>\n","protected":false},"excerpt":{"rendered":"<p>Mentions l\u00e9gales En vigueur au 03\/08\/2023 \u00a0 Conform\u00e9ment aux dispositions des Articles 6-III et 19 de la Loi n\u00b02004-575 du 21 juin 2004 pour la Confiance dans l\u2019\u00e9conomie num\u00e9rique, dite L.C.E.N., il est port\u00e9 \u00e0 la connaissance des utilisateurs et visiteurs, ci-apr\u00e8s l\u00a0\u00bb\u00a0\u00bbUtilisateur\u00a0\u00bb, du site https:\/\/collegedemanagementsorbonne.fr\/ , ci-apr\u00e8s le \u00ab\u00a0Site\u00a0\u00bb, les pr\u00e9sentes mentions l\u00e9gales. &nbsp; [&hellip;]<\/p>\n","protected":false},"author":1,"featured_media":0,"parent":0,"menu_order":0,"comment_status":"closed","ping_status":"closed","template":"","meta":{"_et_pb_use_builder":"on","_et_pb_old_content":"","_et_gb_content_width":"","om_disable_all_campaigns":false,"_monsterinsights_skip_tracking":false,"_monsterinsights_sitenote_active":false,"_monsterinsights_sitenote_note":"","_monsterinsights_sitenote_category":0,"footnotes":""},"class_list":["post-1228","page","type-page","status-publish","hentry"],"aioseo_notices":[],"_links":{"self":[{"href":"https:\/\/collegedemanagementsorbonne.fr\/index.php?rest_route=\/wp\/v2\/pages\/1228","targetHints":{"allow":["GET"]}}],"collection":[{"href":"https:\/\/collegedemanagementsorbonne.fr\/index.php?rest_route=\/wp\/v2\/pages"}],"about":[{"href":"https:\/\/collegedemanagementsorbonne.fr\/index.php?rest_route=\/wp\/v2\/types\/page"}],"author":[{"embeddable":true,"href":"https:\/\/collegedemanagementsorbonne.fr\/index.php?rest_route=\/wp\/v2\/users\/1"}],"replies":[{"embeddable":true,"href":"https:\/\/collegedemanagementsorbonne.fr\/index.php?rest_route=%2Fwp%2Fv2%2Fcomments&post=1228"}],"version-history":[{"count":3,"href":"https:\/\/collegedemanagementsorbonne.fr\/index.php?rest_route=\/wp\/v2\/pages\/1228\/revisions"}],"predecessor-version":[{"id":1701,"href":"https:\/\/collegedemanagementsorbonne.fr\/index.php?rest_route=\/wp\/v2\/pages\/1228\/revisions\/1701"}],"wp:attachment":[{"href":"https:\/\/collegedemanagementsorbonne.fr\/index.php?rest_route=%2Fwp%2Fv2%2Fmedia&parent=1228"}],"curies":[{"name":"wp","href":"https:\/\/api.w.org\/{rel}","templated":true}]}}